{"id":2645,"date":"2024-08-26T08:11:46","date_gmt":"2024-08-26T06:11:46","guid":{"rendered":"https:\/\/iudproc.decalogoweb.com\/?page_id=2645"},"modified":"2025-12-17T14:08:17","modified_gmt":"2025-12-17T20:08:17","slug":"oferta-educativa","status":"publish","type":"page","link":"https:\/\/iudproc.com.mx\/web\/oferta-educativa\/","title":{"rendered":"Oferta educativa"},"content":{"rendered":"\t\t<div data-elementor-type=\"wp-page\" data-elementor-id=\"2645\" class=\"elementor elementor-2645\" data-elementor-post-type=\"page\">\n\t\t\t\t<div class=\"elementor-element elementor-element-528b28f e-con-full e-flex wpr-particle-no wpr-jarallax-no wpr-parallax-no wpr-sticky-section-no e-con e-parent\" data-id=\"528b28f\" data-element_type=\"container\" data-settings=\"{&quot;background_background&quot;:&quot;classic&quot;}\">\n\t\t\t\t<div class=\"elementor-element elementor-element-991b12d elementor--h-position-center elementor--v-position-middle elementor-widget elementor-widget-slides\" data-id=\"991b12d\" data-element_type=\"widget\" data-settings=\"{&quot;transition&quot;:&quot;fade&quot;,&quot;transition_speed&quot;:400,&quot;navigation&quot;:&quot;none&quot;,&quot;autoplay&quot;:&quot;yes&quot;,&quot;autoplay_speed&quot;:5000,&quot;infinite&quot;:&quot;yes&quot;}\" data-widget_type=\"slides.default\">\n\t\t\t\t<div class=\"elementor-widget-container\">\n\t\t\t\t\t\t\t\t\t<div class=\"elementor-swiper\">\n\t\t\t\t\t<div class=\"elementor-slides-wrapper elementor-main-swiper swiper\" role=\"region\" aria-roledescription=\"carousel\" aria-label=\"Slides\" dir=\"ltr\" data-animation=\"\">\n\t\t\t\t<div class=\"swiper-wrapper elementor-slides\">\n\t\t\t\t\t\t\t\t\t\t<div class=\"elementor-repeater-item-46eb3b1 swiper-slide\" role=\"group\" aria-roledescription=\"slide\"><div class=\"swiper-slide-bg\" role=\"img\"><\/div><div class=\"elementor-background-overlay\"><\/div><div class=\"swiper-slide-inner\" ><div class=\"swiper-slide-contents\"><div class=\"elementor-slide-heading\">Oferta educativa<\/div><div class=\"elementor-slide-description\">Encuentra la carrera que se alinea con tus metas profesionales en IUDPROC. Ofrecemos programas dise\u00f1ados para prepararte con las habilidades y el conocimiento necesarios para dirigir tu camino al \u00e9xito.<\/div><a href=\"#oferta\" class=\"elementor-button elementor-slide-button elementor-size-xs\">Descubre tu futuro aqu\u00ed<\/a><\/div><\/div><\/div><div class=\"elementor-repeater-item-9fe5e12 swiper-slide\" role=\"group\" aria-roledescription=\"slide\"><div class=\"swiper-slide-bg\" role=\"img\"><\/div><div class=\"elementor-background-overlay\"><\/div><div class=\"swiper-slide-inner\" ><div class=\"swiper-slide-contents\"><div class=\"elementor-slide-heading\">Oferta educativa<\/div><div class=\"elementor-slide-description\">Encuentra la carrera que se alinea con tus metas profesionales en IUDPROC. Ofrecemos programas dise\u00f1ados para prepararte con las habilidades y el conocimiento necesarios para dirigir tu camino al \u00e9xito.<\/div><a href=\"#oferta\" class=\"elementor-button elementor-slide-button elementor-size-xs\">Descubre tu futuro aqu\u00ed<\/a><\/div><\/div><\/div>\t\t\t\t<\/div>\n\t\t\t\t\t\t\t\t\t\t\t\t\t\t\t\t\t\t\t\t\t<\/div>\n\t\t\t\t<\/div>\n\t\t\t\t\t\t\t\t<\/div>\n\t\t\t\t<\/div>\n\t\t\t\t<\/div>\n\t\t<div class=\"elementor-element elementor-element-139375b0 e-flex e-con-boxed wpr-particle-no wpr-jarallax-no wpr-parallax-no wpr-sticky-section-no e-con e-parent\" data-id=\"139375b0\" data-element_type=\"container\" id=\"oferta\" data-settings=\"{&quot;background_background&quot;:&quot;classic&quot;}\">\n\t\t\t\t\t<div class=\"e-con-inner\">\n\t\t<div class=\"elementor-element elementor-element-306decb8 e-flex e-con-boxed wpr-particle-no wpr-jarallax-no wpr-parallax-no wpr-sticky-section-no elementor-invisible e-con e-child\" data-id=\"306decb8\" data-element_type=\"container\" data-settings=\"{&quot;animation&quot;:&quot;slideInRight&quot;}\">\n\t\t\t\t\t<div class=\"e-con-inner\">\n\t\t\t\t<div class=\"elementor-element elementor-element-6cce2da elementor-arrows-position-outside elementor-pagination-position-outside elementor--h-position-center elementor--v-position-middle elementor-widget elementor-widget-slides\" data-id=\"6cce2da\" data-element_type=\"widget\" data-settings=\"{&quot;transition&quot;:&quot;fade&quot;,&quot;transition_speed&quot;:400,&quot;navigation&quot;:&quot;both&quot;,&quot;autoplay&quot;:&quot;yes&quot;,&quot;autoplay_speed&quot;:5000,&quot;infinite&quot;:&quot;yes&quot;}\" data-widget_type=\"slides.default\">\n\t\t\t\t<div class=\"elementor-widget-container\">\n\t\t\t\t\t\t\t\t\t<div class=\"elementor-swiper\">\n\t\t\t\t\t<div class=\"elementor-slides-wrapper elementor-main-swiper swiper\" role=\"region\" aria-roledescription=\"carousel\" aria-label=\"Slides\" dir=\"ltr\" data-animation=\"\">\n\t\t\t\t<div class=\"swiper-wrapper elementor-slides\">\n\t\t\t\t\t\t\t\t\t\t<div class=\"elementor-repeater-item-46eb3b1 swiper-slide\" role=\"group\" aria-roledescription=\"slide\"><div class=\"swiper-slide-bg\" role=\"img\"><\/div><div class=\"elementor-background-overlay\"><\/div><div class=\"swiper-slide-inner\" ><div class=\"swiper-slide-contents\"><div class=\"elementor-slide-heading\">Contabilidad y Finanzas<\/div><div class=\"elementor-slide-description\">Prep\u00e1rate para liderar en el mundo financiero con nuestra carrera de Contabilidad y Finanzas. Adquiere las competencias necesarias para gestionar y analizar los recursos econ\u00f3micos con precisi\u00f3n y estrategia.<\/div><a href=\"https:\/\/iudproc.com.mx\/web\/oferta-educativa\/contabilidad-y-finanzas\/\" class=\"elementor-button elementor-slide-button elementor-size-xs\">Saber m\u00e1s<\/a><\/div><\/div><\/div><div class=\"elementor-repeater-item-08b035a swiper-slide\" role=\"group\" aria-roledescription=\"slide\"><div class=\"swiper-slide-bg\" role=\"img\"><\/div><div class=\"elementor-background-overlay\"><\/div><div class=\"swiper-slide-inner\" ><div class=\"swiper-slide-contents\"><div class=\"elementor-slide-heading\">Dise\u00f1o Multimedia <\/div><div class=\"elementor-slide-description\">Descubre tu creatividad y domina las herramientas digitales con nuestra carrera en Dise\u00f1o Multimedia. Convi\u00e9rtete en un experto en crear experiencias visuales impactantes y contenidos innovadores.<\/div><a href=\"#\" class=\"elementor-button elementor-slide-button elementor-size-xs\">Saber m\u00e1s<\/a><\/div><\/div><\/div><div class=\"elementor-repeater-item-2b38044 swiper-slide\" role=\"group\" aria-roledescription=\"slide\"><div class=\"swiper-slide-bg\" role=\"img\"><\/div><div class=\"elementor-background-overlay\"><\/div><div class=\"swiper-slide-inner\" ><div class=\"swiper-slide-contents\"><div class=\"elementor-slide-heading\">Derecho con Terminal Fiscal \/ Corporativo<\/div><div class=\"elementor-slide-description\">Convi\u00e9rtete en un experto legal con nuestra carrera en Derecho, especializada en Terminal Fiscal o Corporativo. Desarrolla las competencias necesarias para asesorar y liderar en el \u00e1mbito jur\u00eddico empresarial o fiscal.<\/div><a href=\"#\" class=\"elementor-button elementor-slide-button elementor-size-xs\">Saber m\u00e1s<\/a><\/div><\/div><\/div><div class=\"elementor-repeater-item-42a3bc4 swiper-slide\" role=\"group\" aria-roledescription=\"slide\"><div class=\"swiper-slide-bg\" role=\"img\"><\/div><div class=\"elementor-background-overlay\"><\/div><div class=\"swiper-slide-inner\" ><div class=\"swiper-slide-contents\"><div class=\"elementor-slide-heading\">Administraci\u00f3n y Desarrollo de Empresas<\/div><div class=\"elementor-slide-description\">Desarrolla las habilidades para dirigir y hacer crecer negocios exitosos con nuestra carrera en Administraci\u00f3n y Desarrollo de Empresas. Convi\u00e9rtete en un l\u00edder capaz de transformar ideas en proyectos empresariales sostenibles.<\/div><a href=\"#\" class=\"elementor-button elementor-slide-button elementor-size-xs\">Saber m\u00e1s<\/a><\/div><\/div><\/div><div class=\"elementor-repeater-item-2955952 swiper-slide\" role=\"group\" aria-roledescription=\"slide\"><div class=\"swiper-slide-bg\" role=\"img\"><\/div><div class=\"elementor-background-overlay\"><\/div><div class=\"swiper-slide-inner\" ><div class=\"swiper-slide-contents\"><div class=\"elementor-slide-heading\">Cursos<\/div><div class=\"elementor-slide-description\">Mejora tus habilidades y mantente al d\u00eda en tu campo profesional con los cursos especializados de IUDPROC. Encuentra el curso que se ajuste a tus necesidades y lleva tu carrera al siguiente nivel.<\/div><a href=\"#\" class=\"elementor-button elementor-slide-button elementor-size-xs\">Saber m\u00e1s<\/a><\/div><\/div><\/div>\t\t\t\t<\/div>\n\t\t\t\t\t\t\t\t\t\t\t\t\t\t\t<div class=\"elementor-swiper-button elementor-swiper-button-prev\" role=\"button\" tabindex=\"0\" aria-label=\"Previous slide\">\n\t\t\t\t\t\t\t<svg aria-hidden=\"true\" class=\"e-font-icon-svg e-eicon-chevron-left\" viewBox=\"0 0 1000 1000\" xmlns=\"http:\/\/www.w3.org\/2000\/svg\"><path d=\"M646 125C629 125 613 133 604 142L308 442C296 454 292 471 292 487 292 504 296 521 308 533L604 854C617 867 629 875 646 875 663 875 679 871 692 858 704 846 713 829 713 812 713 796 708 779 692 767L438 487 692 225C700 217 708 204 708 187 708 171 704 154 692 142 675 129 663 125 646 125Z\"><\/path><\/svg>\t\t\t\t\t\t<\/div>\n\t\t\t\t\t\t<div class=\"elementor-swiper-button elementor-swiper-button-next\" role=\"button\" tabindex=\"0\" aria-label=\"Next slide\">\n\t\t\t\t\t\t\t<svg aria-hidden=\"true\" class=\"e-font-icon-svg e-eicon-chevron-right\" viewBox=\"0 0 1000 1000\" xmlns=\"http:\/\/www.w3.org\/2000\/svg\"><path d=\"M696 533C708 521 713 504 713 487 713 471 708 454 696 446L400 146C388 133 375 125 354 125 338 125 325 129 313 142 300 154 292 171 292 187 292 204 296 221 308 233L563 492 304 771C292 783 288 800 288 817 288 833 296 850 308 863 321 871 338 875 354 875 371 875 388 867 400 854L696 533Z\"><\/path><\/svg>\t\t\t\t\t\t<\/div>\n\t\t\t\t\t\t\t\t\t\t\t\t\t\t\t\t<div class=\"swiper-pagination\"><\/div>\n\t\t\t\t\t\t\t\t\t\t\t\t<\/div>\n\t\t\t\t<\/div>\n\t\t\t\t\t\t\t\t<\/div>\n\t\t\t\t<\/div>\n\t\t\t\t\t<\/div>\n\t\t\t\t<\/div>\n\t\t\t\t\t<\/div>\n\t\t\t\t<\/div>\n\t\t<div class=\"elementor-element elementor-element-614b5be4 e-grid e-con-full wpr-particle-no wpr-jarallax-no wpr-parallax-no wpr-sticky-section-no e-con e-parent\" data-id=\"614b5be4\" data-element_type=\"container\" data-settings=\"{&quot;background_background&quot;:&quot;classic&quot;}\">\n\t\t\t\t<div class=\"elementor-element elementor-element-ec0be15 elementor-align-center elementor-widget elementor-widget-button\" data-id=\"ec0be15\" data-element_type=\"widget\" data-widget_type=\"button.default\">\n\t\t\t\t<div class=\"elementor-widget-container\">\n\t\t\t\t\t\t\t\t\t<div class=\"elementor-button-wrapper\">\n\t\t\t\t\t<a class=\"elementor-button elementor-button-link elementor-size-sm\" href=\"https:\/\/wa.me\/529612367917?text=me%20interesa%20la%20promo\">\n\t\t\t\t\t\t<span class=\"elementor-button-content-wrapper\">\n\t\t\t\t\t\t\t\t\t<span class=\"elementor-button-text\">M\u00e1s Informaci\u00f3n<\/span>\n\t\t\t\t\t<\/span>\n\t\t\t\t\t<\/a>\n\t\t\t\t<\/div>\n\t\t\t\t\t\t\t\t<\/div>\n\t\t\t\t<\/div>\n\t\t\t\t<\/div>\n\t\t\t\t<\/div>\n\t\t","protected":false},"excerpt":{"rendered":"<p>Oferta educativaEncuentra la carrera que se alinea con tus metas profesionales en IUDPROC. Ofrecemos programas dise\u00f1ados para prepararte con las habilidades y el conocimiento necesarios para dirigir tu camino al \u00e9xito.Descubre tu futuro aqu\u00edOferta educativaEncuentra la carrera que se alinea con tus metas profesionales en IUDPROC. Ofrecemos programas dise\u00f1ados para prepararte con las habilidades y el conocimiento necesarios para dirigir tu camino al \u00e9xito.Descubre tu futuro aqu\u00ed Contabilidad y FinanzasPrep\u00e1rate para liderar en el mundo financiero con nuestra carrera de Contabilidad y Finanzas. Adquiere las competencias necesarias para gestionar y analizar los recursos econ\u00f3micos con precisi\u00f3n y estrategia.Saber m\u00e1sDise\u00f1o Multimedia Descubre tu creatividad y domina las herramientas digitales con nuestra carrera en Dise\u00f1o Multimedia. Convi\u00e9rtete en un experto en crear experiencias visuales impactantes y contenidos innovadores.Saber m\u00e1sDerecho con Terminal Fiscal \/ CorporativoConvi\u00e9rtete en un experto legal con nuestra carrera en Derecho, especializada en Terminal Fiscal o Corporativo. Desarrolla las competencias necesarias para asesorar y liderar en el \u00e1mbito jur\u00eddico empresarial o fiscal.Saber m\u00e1sAdministraci\u00f3n y Desarrollo de EmpresasDesarrolla las habilidades para dirigir y hacer crecer negocios exitosos con nuestra carrera en Administraci\u00f3n y Desarrollo de Empresas. Convi\u00e9rtete en un l\u00edder capaz de transformar ideas en proyectos empresariales sostenibles.Saber m\u00e1sCursosMejora tus habilidades y mantente al d\u00eda en tu campo profesional con los cursos especializados de IUDPROC. Encuentra el curso que se ajuste a tus necesidades y lleva tu carrera al siguiente nivel.Saber m\u00e1s M\u00e1s Informaci\u00f3n<\/p>\n","protected":false},"author":5,"featured_media":0,"parent":0,"menu_order":0,"comment_status":"closed","ping_status":"closed","template":"elementor_header_footer","meta":{"footnotes":""},"class_list":["post-2645","page","type-page","status-publish","hentry"],"yoast_head":"<!-- This site is optimized with the Yoast SEO plugin v25.5 - https:\/\/yoast.com\/wordpress\/plugins\/seo\/ -->\n<title>Oferta educativa - Instituto Universitario de Desarrollo Profesional y Crecimiento<\/title>\n<meta name=\"robots\" content=\"index, follow, max-snippet:-1, max-image-preview:large, max-video-preview:-1\" \/>\n<link rel=\"canonical\" href=\"https:\/\/iudproc.com.mx\/web\/oferta-educativa\/\" \/>\n<meta property=\"og:locale\" content=\"es_ES\" \/>\n<meta property=\"og:type\" content=\"article\" \/>\n<meta property=\"og:title\" content=\"Oferta educativa - Instituto Universitario de Desarrollo Profesional y Crecimiento\" \/>\n<meta property=\"og:description\" content=\"Oferta educativaEncuentra la carrera que se alinea con tus metas profesionales en IUDPROC. Ofrecemos programas dise\u00f1ados para prepararte con las habilidades y el conocimiento necesarios para dirigir tu camino al \u00e9xito.Descubre tu futuro aqu\u00edOferta educativaEncuentra la carrera que se alinea con tus metas profesionales en IUDPROC. Ofrecemos programas dise\u00f1ados para prepararte con las habilidades y el conocimiento necesarios para dirigir tu camino al \u00e9xito.Descubre tu futuro aqu\u00ed Contabilidad y FinanzasPrep\u00e1rate para liderar en el mundo financiero con nuestra carrera de Contabilidad y Finanzas. Adquiere las competencias necesarias para gestionar y analizar los recursos econ\u00f3micos con precisi\u00f3n y estrategia.Saber m\u00e1sDise\u00f1o Multimedia Descubre tu creatividad y domina las herramientas digitales con nuestra carrera en Dise\u00f1o Multimedia. Convi\u00e9rtete en un experto en crear experiencias visuales impactantes y contenidos innovadores.Saber m\u00e1sDerecho con Terminal Fiscal \/ CorporativoConvi\u00e9rtete en un experto legal con nuestra carrera en Derecho, especializada en Terminal Fiscal o Corporativo. Desarrolla las competencias necesarias para asesorar y liderar en el \u00e1mbito jur\u00eddico empresarial o fiscal.Saber m\u00e1sAdministraci\u00f3n y Desarrollo de EmpresasDesarrolla las habilidades para dirigir y hacer crecer negocios exitosos con nuestra carrera en Administraci\u00f3n y Desarrollo de Empresas. Convi\u00e9rtete en un l\u00edder capaz de transformar ideas en proyectos empresariales sostenibles.Saber m\u00e1sCursosMejora tus habilidades y mantente al d\u00eda en tu campo profesional con los cursos especializados de IUDPROC. Encuentra el curso que se ajuste a tus necesidades y lleva tu carrera al siguiente nivel.Saber m\u00e1s M\u00e1s Informaci\u00f3n\" \/>\n<meta property=\"og:url\" content=\"https:\/\/iudproc.com.mx\/web\/oferta-educativa\/\" \/>\n<meta property=\"og:site_name\" content=\"Instituto Universitario de Desarrollo Profesional y Crecimiento\" \/>\n<meta property=\"article:publisher\" content=\"https:\/\/www.facebook.com\/iudproc.oficial\" \/>\n<meta property=\"article:modified_time\" content=\"2025-12-17T20:08:17+00:00\" \/>\n<meta name=\"twitter:card\" content=\"summary_large_image\" \/>\n<meta name=\"twitter:label1\" content=\"Tiempo de lectura\" \/>\n\t<meta name=\"twitter:data1\" content=\"4 minutos\" \/>\n<script type=\"application\/ld+json\" class=\"yoast-schema-graph\">{\"@context\":\"https:\/\/schema.org\",\"@graph\":[{\"@type\":\"WebPage\",\"@id\":\"https:\/\/iudproc.com.mx\/web\/oferta-educativa\/\",\"url\":\"https:\/\/iudproc.com.mx\/web\/oferta-educativa\/\",\"name\":\"Oferta educativa - Instituto Universitario de Desarrollo Profesional y Crecimiento\",\"isPartOf\":{\"@id\":\"https:\/\/iudproc.com.mx\/web\/#website\"},\"datePublished\":\"2024-08-26T06:11:46+00:00\",\"dateModified\":\"2025-12-17T20:08:17+00:00\",\"breadcrumb\":{\"@id\":\"https:\/\/iudproc.com.mx\/web\/oferta-educativa\/#breadcrumb\"},\"inLanguage\":\"es\",\"potentialAction\":[{\"@type\":\"ReadAction\",\"target\":[\"https:\/\/iudproc.com.mx\/web\/oferta-educativa\/\"]}]},{\"@type\":\"BreadcrumbList\",\"@id\":\"https:\/\/iudproc.com.mx\/web\/oferta-educativa\/#breadcrumb\",\"itemListElement\":[{\"@type\":\"ListItem\",\"position\":1,\"name\":\"Portada\",\"item\":\"https:\/\/iudproc.com.mx\/web\/\"},{\"@type\":\"ListItem\",\"position\":2,\"name\":\"Oferta educativa\"}]},{\"@type\":\"WebSite\",\"@id\":\"https:\/\/iudproc.com.mx\/web\/#website\",\"url\":\"https:\/\/iudproc.com.mx\/web\/\",\"name\":\"Instituto Universitario de Desarrollo Profesional y Crecimiento\",\"description\":\"IUDPROC\",\"publisher\":{\"@id\":\"https:\/\/iudproc.com.mx\/web\/#organization\"},\"potentialAction\":[{\"@type\":\"SearchAction\",\"target\":{\"@type\":\"EntryPoint\",\"urlTemplate\":\"https:\/\/iudproc.com.mx\/web\/?s={search_term_string}\"},\"query-input\":{\"@type\":\"PropertyValueSpecification\",\"valueRequired\":true,\"valueName\":\"search_term_string\"}}],\"inLanguage\":\"es\"},{\"@type\":\"Organization\",\"@id\":\"https:\/\/iudproc.com.mx\/web\/#organization\",\"name\":\"Instituto Universitario de Desarrollo Profesional y Crecimiento\",\"url\":\"https:\/\/iudproc.com.mx\/web\/\",\"logo\":{\"@type\":\"ImageObject\",\"inLanguage\":\"es\",\"@id\":\"https:\/\/iudproc.com.mx\/web\/#\/schema\/logo\/image\/\",\"url\":\"https:\/\/iudproc.com.mx\/web\/wp-content\/uploads\/2025\/05\/logo-url.jpg\",\"contentUrl\":\"https:\/\/iudproc.com.mx\/web\/wp-content\/uploads\/2025\/05\/logo-url.jpg\",\"width\":1600,\"height\":597,\"caption\":\"Instituto Universitario de Desarrollo Profesional y Crecimiento\"},\"image\":{\"@id\":\"https:\/\/iudproc.com.mx\/web\/#\/schema\/logo\/image\/\"},\"sameAs\":[\"https:\/\/www.facebook.com\/iudproc.oficial\"]}]}<\/script>\n<!-- \/ Yoast SEO plugin. -->","yoast_head_json":{"title":"Oferta educativa - Instituto Universitario de Desarrollo Profesional y Crecimiento","robots":{"index":"index","follow":"follow","max-snippet":"max-snippet:-1","max-image-preview":"max-image-preview:large","max-video-preview":"max-video-preview:-1"},"canonical":"https:\/\/iudproc.com.mx\/web\/oferta-educativa\/","og_locale":"es_ES","og_type":"article","og_title":"Oferta educativa - Instituto Universitario de Desarrollo Profesional y Crecimiento","og_description":"Oferta educativaEncuentra la carrera que se alinea con tus metas profesionales en IUDPROC. Ofrecemos programas dise\u00f1ados para prepararte con las habilidades y el conocimiento necesarios para dirigir tu camino al \u00e9xito.Descubre tu futuro aqu\u00edOferta educativaEncuentra la carrera que se alinea con tus metas profesionales en IUDPROC. Ofrecemos programas dise\u00f1ados para prepararte con las habilidades y el conocimiento necesarios para dirigir tu camino al \u00e9xito.Descubre tu futuro aqu\u00ed Contabilidad y FinanzasPrep\u00e1rate para liderar en el mundo financiero con nuestra carrera de Contabilidad y Finanzas. Adquiere las competencias necesarias para gestionar y analizar los recursos econ\u00f3micos con precisi\u00f3n y estrategia.Saber m\u00e1sDise\u00f1o Multimedia Descubre tu creatividad y domina las herramientas digitales con nuestra carrera en Dise\u00f1o Multimedia. Convi\u00e9rtete en un experto en crear experiencias visuales impactantes y contenidos innovadores.Saber m\u00e1sDerecho con Terminal Fiscal \/ CorporativoConvi\u00e9rtete en un experto legal con nuestra carrera en Derecho, especializada en Terminal Fiscal o Corporativo. Desarrolla las competencias necesarias para asesorar y liderar en el \u00e1mbito jur\u00eddico empresarial o fiscal.Saber m\u00e1sAdministraci\u00f3n y Desarrollo de EmpresasDesarrolla las habilidades para dirigir y hacer crecer negocios exitosos con nuestra carrera en Administraci\u00f3n y Desarrollo de Empresas. Convi\u00e9rtete en un l\u00edder capaz de transformar ideas en proyectos empresariales sostenibles.Saber m\u00e1sCursosMejora tus habilidades y mantente al d\u00eda en tu campo profesional con los cursos especializados de IUDPROC. Encuentra el curso que se ajuste a tus necesidades y lleva tu carrera al siguiente nivel.Saber m\u00e1s M\u00e1s Informaci\u00f3n","og_url":"https:\/\/iudproc.com.mx\/web\/oferta-educativa\/","og_site_name":"Instituto Universitario de Desarrollo Profesional y Crecimiento","article_publisher":"https:\/\/www.facebook.com\/iudproc.oficial","article_modified_time":"2025-12-17T20:08:17+00:00","twitter_card":"summary_large_image","twitter_misc":{"Tiempo de lectura":"4 minutos"},"schema":{"@context":"https:\/\/schema.org","@graph":[{"@type":"WebPage","@id":"https:\/\/iudproc.com.mx\/web\/oferta-educativa\/","url":"https:\/\/iudproc.com.mx\/web\/oferta-educativa\/","name":"Oferta educativa - Instituto Universitario de Desarrollo Profesional y Crecimiento","isPartOf":{"@id":"https:\/\/iudproc.com.mx\/web\/#website"},"datePublished":"2024-08-26T06:11:46+00:00","dateModified":"2025-12-17T20:08:17+00:00","breadcrumb":{"@id":"https:\/\/iudproc.com.mx\/web\/oferta-educativa\/#breadcrumb"},"inLanguage":"es","potentialAction":[{"@type":"ReadAction","target":["https:\/\/iudproc.com.mx\/web\/oferta-educativa\/"]}]},{"@type":"BreadcrumbList","@id":"https:\/\/iudproc.com.mx\/web\/oferta-educativa\/#breadcrumb","itemListElement":[{"@type":"ListItem","position":1,"name":"Portada","item":"https:\/\/iudproc.com.mx\/web\/"},{"@type":"ListItem","position":2,"name":"Oferta educativa"}]},{"@type":"WebSite","@id":"https:\/\/iudproc.com.mx\/web\/#website","url":"https:\/\/iudproc.com.mx\/web\/","name":"Instituto Universitario de Desarrollo Profesional y Crecimiento","description":"IUDPROC","publisher":{"@id":"https:\/\/iudproc.com.mx\/web\/#organization"},"potentialAction":[{"@type":"SearchAction","target":{"@type":"EntryPoint","urlTemplate":"https:\/\/iudproc.com.mx\/web\/?s={search_term_string}"},"query-input":{"@type":"PropertyValueSpecification","valueRequired":true,"valueName":"search_term_string"}}],"inLanguage":"es"},{"@type":"Organization","@id":"https:\/\/iudproc.com.mx\/web\/#organization","name":"Instituto Universitario de Desarrollo Profesional y Crecimiento","url":"https:\/\/iudproc.com.mx\/web\/","logo":{"@type":"ImageObject","inLanguage":"es","@id":"https:\/\/iudproc.com.mx\/web\/#\/schema\/logo\/image\/","url":"https:\/\/iudproc.com.mx\/web\/wp-content\/uploads\/2025\/05\/logo-url.jpg","contentUrl":"https:\/\/iudproc.com.mx\/web\/wp-content\/uploads\/2025\/05\/logo-url.jpg","width":1600,"height":597,"caption":"Instituto Universitario de Desarrollo Profesional y Crecimiento"},"image":{"@id":"https:\/\/iudproc.com.mx\/web\/#\/schema\/logo\/image\/"},"sameAs":["https:\/\/www.facebook.com\/iudproc.oficial"]}]}},"_links":{"self":[{"href":"https:\/\/iudproc.com.mx\/web\/wp-json\/wp\/v2\/pages\/2645","targetHints":{"allow":["GET"]}}],"collection":[{"href":"https:\/\/iudproc.com.mx\/web\/wp-json\/wp\/v2\/pages"}],"about":[{"href":"https:\/\/iudproc.com.mx\/web\/wp-json\/wp\/v2\/types\/page"}],"author":[{"embeddable":true,"href":"https:\/\/iudproc.com.mx\/web\/wp-json\/wp\/v2\/users\/5"}],"replies":[{"embeddable":true,"href":"https:\/\/iudproc.com.mx\/web\/wp-json\/wp\/v2\/comments?post=2645"}],"version-history":[{"count":43,"href":"https:\/\/iudproc.com.mx\/web\/wp-json\/wp\/v2\/pages\/2645\/revisions"}],"predecessor-version":[{"id":3422,"href":"https:\/\/iudproc.com.mx\/web\/wp-json\/wp\/v2\/pages\/2645\/revisions\/3422"}],"wp:attachment":[{"href":"https:\/\/iudproc.com.mx\/web\/wp-json\/wp\/v2\/media?parent=2645"}],"curies":[{"name":"wp","href":"https:\/\/api.w.org\/{rel}","templated":true}]}}