{"id":2590,"date":"2024-08-26T01:21:50","date_gmt":"2024-08-25T23:21:50","guid":{"rendered":"https:\/\/iudproc.decalogoweb.com\/?page_id=2590"},"modified":"2025-12-17T14:13:00","modified_gmt":"2025-12-17T20:13:00","slug":"somos-iudproc","status":"publish","type":"page","link":"https:\/\/iudproc.com.mx\/web\/somos-iudproc\/","title":{"rendered":"Somos IUDPROC"},"content":{"rendered":"\t\t<div data-elementor-type=\"wp-page\" data-elementor-id=\"2590\" class=\"elementor elementor-2590\" data-elementor-post-type=\"page\">\n\t\t\t\t<div class=\"elementor-element elementor-element-528b28f e-con-full e-flex wpr-particle-no wpr-jarallax-no wpr-parallax-no wpr-sticky-section-no e-con e-parent\" data-id=\"528b28f\" data-element_type=\"container\" data-settings=\"{&quot;background_background&quot;:&quot;classic&quot;}\">\n\t\t\t\t<div class=\"elementor-element elementor-element-991b12d elementor--h-position-center elementor--v-position-middle elementor-widget elementor-widget-slides\" data-id=\"991b12d\" data-element_type=\"widget\" data-settings=\"{&quot;transition&quot;:&quot;fade&quot;,&quot;transition_speed&quot;:400,&quot;navigation&quot;:&quot;none&quot;,&quot;autoplay&quot;:&quot;yes&quot;,&quot;autoplay_speed&quot;:5000,&quot;infinite&quot;:&quot;yes&quot;}\" data-widget_type=\"slides.default\">\n\t\t\t\t<div class=\"elementor-widget-container\">\n\t\t\t\t\t\t\t\t\t<div class=\"elementor-swiper\">\n\t\t\t\t\t<div class=\"elementor-slides-wrapper elementor-main-swiper swiper\" role=\"region\" aria-roledescription=\"carousel\" aria-label=\"Slides\" dir=\"ltr\" data-animation=\"\">\n\t\t\t\t<div class=\"swiper-wrapper elementor-slides\">\n\t\t\t\t\t\t\t\t\t\t<div class=\"elementor-repeater-item-46eb3b1 swiper-slide\" role=\"group\" aria-roledescription=\"slide\"><div class=\"swiper-slide-bg\" role=\"img\"><\/div><div class=\"elementor-background-overlay\"><\/div><div class=\"swiper-slide-inner\" ><div class=\"swiper-slide-contents\"><div class=\"elementor-slide-heading\">Somos IUDPROC<\/div><div class=\"elementor-slide-description\">Descubre c\u00f3mo en IUDPROC estamos transformando la educaci\u00f3n con una visi\u00f3n innovadora y un compromiso s\u00f3lido con el desarrollo integral. \u00a1\u00danete a nuestra comunidad y dirige tu camino al \u00e9xito!<\/div><a href=\"#historia\" class=\"elementor-button elementor-slide-button elementor-size-xs\">Explora nuestra historia<\/a><\/div><\/div><\/div><div class=\"elementor-repeater-item-2ada3cd swiper-slide\" role=\"group\" aria-roledescription=\"slide\"><div class=\"swiper-slide-bg\" role=\"img\"><\/div><div class=\"elementor-background-overlay\"><\/div><div class=\"swiper-slide-inner\" ><div class=\"swiper-slide-contents\"><div class=\"elementor-slide-heading\">Somos IUDPROC<\/div><div class=\"elementor-slide-description\">Descubre c\u00f3mo en IUDPROC estamos transformando la educaci\u00f3n con una visi\u00f3n innovadora y un compromiso s\u00f3lido con el desarrollo integral. \u00a1\u00danete a nuestra comunidad y dirige tu camino al \u00e9xito!<\/div><a href=\"#historia\" class=\"elementor-button elementor-slide-button elementor-size-xs\">Explora nuestra historia<\/a><\/div><\/div><\/div>\t\t\t\t<\/div>\n\t\t\t\t\t\t\t\t\t\t\t\t\t\t\t\t\t\t\t\t\t<\/div>\n\t\t\t\t<\/div>\n\t\t\t\t\t\t\t\t<\/div>\n\t\t\t\t<\/div>\n\t\t\t\t<\/div>\n\t\t<div class=\"elementor-element elementor-element-139375b0 e-flex e-con-boxed wpr-particle-no wpr-jarallax-no wpr-parallax-no wpr-sticky-section-no e-con e-parent\" data-id=\"139375b0\" data-element_type=\"container\" id=\"historia\" data-settings=\"{&quot;background_background&quot;:&quot;classic&quot;}\">\n\t\t\t\t\t<div class=\"e-con-inner\">\n\t\t<div class=\"elementor-element elementor-element-317929e4 e-flex e-con-boxed wpr-particle-no wpr-jarallax-no wpr-parallax-no wpr-sticky-section-no elementor-invisible e-con e-child\" data-id=\"317929e4\" data-element_type=\"container\" data-settings=\"{&quot;animation&quot;:&quot;slideInLeft&quot;}\">\n\t\t\t\t\t<div class=\"e-con-inner\">\n\t\t\t\t<div class=\"elementor-element elementor-element-717e86f elementor--h-position-center elementor--v-position-middle elementor-widget elementor-widget-slides\" data-id=\"717e86f\" data-element_type=\"widget\" data-settings=\"{&quot;transition&quot;:&quot;fade&quot;,&quot;transition_speed&quot;:400,&quot;navigation&quot;:&quot;none&quot;,&quot;autoplay&quot;:&quot;yes&quot;,&quot;autoplay_speed&quot;:5000,&quot;infinite&quot;:&quot;yes&quot;}\" data-widget_type=\"slides.default\">\n\t\t\t\t<div class=\"elementor-widget-container\">\n\t\t\t\t\t\t\t\t\t<div class=\"elementor-swiper\">\n\t\t\t\t\t<div class=\"elementor-slides-wrapper elementor-main-swiper swiper\" role=\"region\" aria-roledescription=\"carousel\" aria-label=\"Slides\" dir=\"ltr\" data-animation=\"\">\n\t\t\t\t<div class=\"swiper-wrapper elementor-slides\">\n\t\t\t\t\t\t\t\t\t\t<div class=\"elementor-repeater-item-46eb3b1 swiper-slide\" role=\"group\" aria-roledescription=\"slide\"><div class=\"swiper-slide-bg\" role=\"img\"><\/div><div class=\"swiper-slide-inner\" ><div class=\"swiper-slide-contents\"><\/div><\/div><\/div><div class=\"elementor-repeater-item-14f95fb swiper-slide\" role=\"group\" aria-roledescription=\"slide\"><div class=\"swiper-slide-bg\" role=\"img\"><\/div><div class=\"swiper-slide-inner\" ><div class=\"swiper-slide-contents\"><\/div><\/div><\/div>\t\t\t\t<\/div>\n\t\t\t\t\t\t\t\t\t\t\t\t\t\t\t\t\t\t\t\t\t<\/div>\n\t\t\t\t<\/div>\n\t\t\t\t\t\t\t\t<\/div>\n\t\t\t\t<\/div>\n\t\t\t\t\t<\/div>\n\t\t\t\t<\/div>\n\t\t<div class=\"elementor-element elementor-element-306decb8 e-flex e-con-boxed wpr-particle-no wpr-jarallax-no wpr-parallax-no wpr-sticky-section-no elementor-invisible e-con e-child\" data-id=\"306decb8\" data-element_type=\"container\" data-settings=\"{&quot;animation&quot;:&quot;slideInRight&quot;}\">\n\t\t\t\t\t<div class=\"e-con-inner\">\n\t\t\t\t<div class=\"elementor-element elementor-element-7e4adb91 elementor-widget elementor-widget-heading\" data-id=\"7e4adb91\" data-element_type=\"widget\" data-widget_type=\"heading.default\">\n\t\t\t\t<div class=\"elementor-widget-container\">\n\t\t\t\t\t<h2 class=\"elementor-heading-title elementor-size-default\">Nuestra historia<\/h2>\t\t\t\t<\/div>\n\t\t\t\t<\/div>\n\t\t\t\t<div class=\"elementor-element elementor-element-67e205f5 elementor-widget elementor-widget-text-editor\" data-id=\"67e205f5\" data-element_type=\"widget\" data-widget_type=\"text-editor.default\">\n\t\t\t\t<div class=\"elementor-widget-container\">\n\t\t\t\t\t\t\t\t\t<p>IUDPROC es una instituci\u00f3n educativa reci\u00e9n lanzada, fundada con la firme convicci\u00f3n de ofrecer una formaci\u00f3n acad\u00e9mica de calidad desde el primer d\u00eda. Aunque somos una universidad joven, nuestra visi\u00f3n es clara: formar profesionales con car\u00e1cter, conciencia y la capacidad de dirigir su propio camino hacia el \u00e9xito. Estamos comprometidos en construir un legado de excelencia desde nuestros inicios.<\/p>\t\t\t\t\t\t\t\t<\/div>\n\t\t\t\t<\/div>\n\t\t\t\t<div class=\"elementor-element elementor-element-e7949c7 elementor-widget elementor-widget-button\" data-id=\"e7949c7\" data-element_type=\"widget\" data-widget_type=\"button.default\">\n\t\t\t\t<div class=\"elementor-widget-container\">\n\t\t\t\t\t\t\t\t\t<div class=\"elementor-button-wrapper\">\n\t\t\t\t\t<a class=\"elementor-button elementor-button-link elementor-size-sm\" href=\"#elementor-action%3Aaction%3Dpopup%3Aopen%26settings%3DeyJpZCI6IjI1NjAiLCJ0b2dnbGUiOmZhbHNlfQ%3D%3D\">\n\t\t\t\t\t\t<span class=\"elementor-button-content-wrapper\">\n\t\t\t\t\t\t\t\t\t<span class=\"elementor-button-text\">\u00a1Inscr\u00edbete ahora!<\/span>\n\t\t\t\t\t<\/span>\n\t\t\t\t\t<\/a>\n\t\t\t\t<\/div>\n\t\t\t\t\t\t\t\t<\/div>\n\t\t\t\t<\/div>\n\t\t\t\t\t<\/div>\n\t\t\t\t<\/div>\n\t\t\t\t\t<\/div>\n\t\t\t\t<\/div>\n\t\t<div class=\"elementor-element elementor-element-d6519d7 e-flex e-con-boxed wpr-particle-no wpr-jarallax-no wpr-parallax-no wpr-sticky-section-no e-con e-parent\" data-id=\"d6519d7\" data-element_type=\"container\" data-settings=\"{&quot;background_background&quot;:&quot;classic&quot;}\">\n\t\t\t\t\t<div class=\"e-con-inner\">\n\t\t<div class=\"elementor-element elementor-element-3c65056 e-con-full e-flex wpr-particle-no wpr-jarallax-no wpr-parallax-no wpr-sticky-section-no elementor-invisible e-con e-child\" data-id=\"3c65056\" data-element_type=\"container\" data-settings=\"{&quot;animation&quot;:&quot;slideInRight&quot;}\">\n\t\t\t\t<div class=\"elementor-element elementor-element-452e070 elementor-widget elementor-widget-heading\" data-id=\"452e070\" data-element_type=\"widget\" data-widget_type=\"heading.default\">\n\t\t\t\t<div class=\"elementor-widget-container\">\n\t\t\t\t\t<h2 class=\"elementor-heading-title elementor-size-default\">Nuestra filosof\u00eda <\/h2>\t\t\t\t<\/div>\n\t\t\t\t<\/div>\n\t\t\t\t<div class=\"elementor-element elementor-element-dff1954 elementor-widget elementor-widget-text-editor\" data-id=\"dff1954\" data-element_type=\"widget\" data-widget_type=\"text-editor.default\">\n\t\t\t\t<div class=\"elementor-widget-container\">\n\t\t\t\t\t\t\t\t\t<p>En IUDPROC, creemos que la educaci\u00f3n va m\u00e1s all\u00e1 del conocimiento t\u00e9cnico; se trata de formar personas con una visi\u00f3n integral, capaces de impactar positivamente en la sociedad. Nuestra filosof\u00eda se basa en la ense\u00f1anza de valores como la responsabilidad, la \u00e9tica y el compromiso, que junto con un enfoque acad\u00e9mico riguroso, preparan a nuestros estudiantes para ser agentes de cambio en su comunidad y en el mundo.<\/p>\t\t\t\t\t\t\t\t<\/div>\n\t\t\t\t<\/div>\n\t\t\t\t<div class=\"elementor-element elementor-element-030d413 elementor-widget elementor-widget-button\" data-id=\"030d413\" data-element_type=\"widget\" data-widget_type=\"button.default\">\n\t\t\t\t<div class=\"elementor-widget-container\">\n\t\t\t\t\t\t\t\t\t<div class=\"elementor-button-wrapper\">\n\t\t\t\t\t<a class=\"elementor-button elementor-button-link elementor-size-sm\" href=\"#elementor-action%3Aaction%3Dpopup%3Aopen%26settings%3DeyJpZCI6IjI1NjAiLCJ0b2dnbGUiOmZhbHNlfQ%3D%3D\">\n\t\t\t\t\t\t<span class=\"elementor-button-content-wrapper\">\n\t\t\t\t\t\t\t\t\t<span class=\"elementor-button-text\">\u00a1Inscr\u00edbete ahora!<\/span>\n\t\t\t\t\t<\/span>\n\t\t\t\t\t<\/a>\n\t\t\t\t<\/div>\n\t\t\t\t\t\t\t\t<\/div>\n\t\t\t\t<\/div>\n\t\t\t\t<\/div>\n\t\t<div class=\"elementor-element elementor-element-74a67dd e-con-full e-flex wpr-particle-no wpr-jarallax-no wpr-parallax-no wpr-sticky-section-no elementor-invisible e-con e-child\" data-id=\"74a67dd\" data-element_type=\"container\" data-settings=\"{&quot;animation&quot;:&quot;slideInLeft&quot;}\">\n\t\t\t\t<div class=\"elementor-element elementor-element-feb962b elementor--h-position-center elementor--v-position-middle elementor-widget elementor-widget-slides\" data-id=\"feb962b\" data-element_type=\"widget\" data-settings=\"{&quot;transition&quot;:&quot;fade&quot;,&quot;transition_speed&quot;:400,&quot;navigation&quot;:&quot;none&quot;,&quot;autoplay&quot;:&quot;yes&quot;,&quot;autoplay_speed&quot;:5000,&quot;infinite&quot;:&quot;yes&quot;}\" data-widget_type=\"slides.default\">\n\t\t\t\t<div class=\"elementor-widget-container\">\n\t\t\t\t\t\t\t\t\t<div class=\"elementor-swiper\">\n\t\t\t\t\t<div class=\"elementor-slides-wrapper elementor-main-swiper swiper\" role=\"region\" aria-roledescription=\"carousel\" aria-label=\"Slides\" dir=\"ltr\" data-animation=\"\">\n\t\t\t\t<div class=\"swiper-wrapper elementor-slides\">\n\t\t\t\t\t\t\t\t\t\t<div class=\"elementor-repeater-item-46eb3b1 swiper-slide\" role=\"group\" aria-roledescription=\"slide\"><div class=\"swiper-slide-bg\" role=\"img\"><\/div><div class=\"swiper-slide-inner\" ><div class=\"swiper-slide-contents\"><\/div><\/div><\/div><div class=\"elementor-repeater-item-14f95fb swiper-slide\" role=\"group\" aria-roledescription=\"slide\"><div class=\"swiper-slide-bg\" role=\"img\"><\/div><div class=\"swiper-slide-inner\" ><div class=\"swiper-slide-contents\"><\/div><\/div><\/div>\t\t\t\t<\/div>\n\t\t\t\t\t\t\t\t\t\t\t\t\t\t\t\t\t\t\t\t\t<\/div>\n\t\t\t\t<\/div>\n\t\t\t\t\t\t\t\t<\/div>\n\t\t\t\t<\/div>\n\t\t\t\t<\/div>\n\t\t\t\t\t<\/div>\n\t\t\t\t<\/div>\n\t\t<div class=\"elementor-element elementor-element-614b5be4 e-grid e-con-full wpr-particle-no wpr-jarallax-no wpr-parallax-no wpr-sticky-section-no e-con e-parent\" data-id=\"614b5be4\" data-element_type=\"container\" data-settings=\"{&quot;background_background&quot;:&quot;classic&quot;}\">\n\t\t\t\t<div class=\"elementor-element elementor-element-53e5e91 elementor-align-center elementor-widget elementor-widget-button\" data-id=\"53e5e91\" data-element_type=\"widget\" data-widget_type=\"button.default\">\n\t\t\t\t<div class=\"elementor-widget-container\">\n\t\t\t\t\t\t\t\t\t<div class=\"elementor-button-wrapper\">\n\t\t\t\t\t<a class=\"elementor-button elementor-button-link elementor-size-sm\" href=\"https:\/\/wa.me\/529612367917?text=me%20interesa%20la%20promo\">\n\t\t\t\t\t\t<span class=\"elementor-button-content-wrapper\">\n\t\t\t\t\t\t\t\t\t<span class=\"elementor-button-text\">M\u00e1s Informaci\u00f3n<\/span>\n\t\t\t\t\t<\/span>\n\t\t\t\t\t<\/a>\n\t\t\t\t<\/div>\n\t\t\t\t\t\t\t\t<\/div>\n\t\t\t\t<\/div>\n\t\t\t\t<\/div>\n\t\t\t\t<\/div>\n\t\t","protected":false},"excerpt":{"rendered":"<p>Somos IUDPROCDescubre c\u00f3mo en IUDPROC estamos transformando la educaci\u00f3n con una visi\u00f3n innovadora y un compromiso s\u00f3lido con el desarrollo integral. \u00a1\u00danete a nuestra comunidad y dirige tu camino al \u00e9xito!Explora nuestra historiaSomos IUDPROCDescubre c\u00f3mo en IUDPROC estamos transformando la educaci\u00f3n con una visi\u00f3n innovadora y un compromiso s\u00f3lido con el desarrollo integral. \u00a1\u00danete a nuestra comunidad y dirige tu camino al \u00e9xito!Explora nuestra historia Nuestra historia IUDPROC es una instituci\u00f3n educativa reci\u00e9n lanzada, fundada con la firme convicci\u00f3n de ofrecer una formaci\u00f3n acad\u00e9mica de calidad desde el primer d\u00eda. Aunque somos una universidad joven, nuestra visi\u00f3n es clara: formar profesionales con car\u00e1cter, conciencia y la capacidad de dirigir su propio camino hacia el \u00e9xito. Estamos comprometidos en construir un legado de excelencia desde nuestros inicios. \u00a1Inscr\u00edbete ahora! Nuestra filosof\u00eda En IUDPROC, creemos que la educaci\u00f3n va m\u00e1s all\u00e1 del conocimiento t\u00e9cnico; se trata de formar personas con una visi\u00f3n integral, capaces de impactar positivamente en la sociedad. Nuestra filosof\u00eda se basa en la ense\u00f1anza de valores como la responsabilidad, la \u00e9tica y el compromiso, que junto con un enfoque acad\u00e9mico riguroso, preparan a nuestros estudiantes para ser agentes de cambio en su comunidad y en el mundo. \u00a1Inscr\u00edbete ahora! M\u00e1s Informaci\u00f3n<\/p>\n","protected":false},"author":5,"featured_media":0,"parent":0,"menu_order":0,"comment_status":"closed","ping_status":"closed","template":"elementor_header_footer","meta":{"footnotes":""},"class_list":["post-2590","page","type-page","status-publish","hentry"],"yoast_head":"<!-- This site is optimized with the Yoast SEO plugin v25.5 - https:\/\/yoast.com\/wordpress\/plugins\/seo\/ -->\n<title>Somos IUDPROC - Instituto Universitario de Desarrollo Profesional y Crecimiento<\/title>\n<meta name=\"robots\" content=\"index, follow, max-snippet:-1, max-image-preview:large, max-video-preview:-1\" \/>\n<link rel=\"canonical\" href=\"https:\/\/iudproc.com.mx\/web\/somos-iudproc\/\" \/>\n<meta property=\"og:locale\" content=\"es_ES\" \/>\n<meta property=\"og:type\" content=\"article\" \/>\n<meta property=\"og:title\" content=\"Somos IUDPROC - Instituto Universitario de Desarrollo Profesional y Crecimiento\" \/>\n<meta property=\"og:description\" content=\"Somos IUDPROCDescubre c\u00f3mo en IUDPROC estamos transformando la educaci\u00f3n con una visi\u00f3n innovadora y un compromiso s\u00f3lido con el desarrollo integral. \u00a1\u00danete a nuestra comunidad y dirige tu camino al \u00e9xito!Explora nuestra historiaSomos IUDPROCDescubre c\u00f3mo en IUDPROC estamos transformando la educaci\u00f3n con una visi\u00f3n innovadora y un compromiso s\u00f3lido con el desarrollo integral. \u00a1\u00danete a nuestra comunidad y dirige tu camino al \u00e9xito!Explora nuestra historia Nuestra historia IUDPROC es una instituci\u00f3n educativa reci\u00e9n lanzada, fundada con la firme convicci\u00f3n de ofrecer una formaci\u00f3n acad\u00e9mica de calidad desde el primer d\u00eda. Aunque somos una universidad joven, nuestra visi\u00f3n es clara: formar profesionales con car\u00e1cter, conciencia y la capacidad de dirigir su propio camino hacia el \u00e9xito. Estamos comprometidos en construir un legado de excelencia desde nuestros inicios. \u00a1Inscr\u00edbete ahora! Nuestra filosof\u00eda En IUDPROC, creemos que la educaci\u00f3n va m\u00e1s all\u00e1 del conocimiento t\u00e9cnico; se trata de formar personas con una visi\u00f3n integral, capaces de impactar positivamente en la sociedad. Nuestra filosof\u00eda se basa en la ense\u00f1anza de valores como la responsabilidad, la \u00e9tica y el compromiso, que junto con un enfoque acad\u00e9mico riguroso, preparan a nuestros estudiantes para ser agentes de cambio en su comunidad y en el mundo. \u00a1Inscr\u00edbete ahora! M\u00e1s Informaci\u00f3n\" \/>\n<meta property=\"og:url\" content=\"https:\/\/iudproc.com.mx\/web\/somos-iudproc\/\" \/>\n<meta property=\"og:site_name\" content=\"Instituto Universitario de Desarrollo Profesional y Crecimiento\" \/>\n<meta property=\"article:publisher\" content=\"https:\/\/www.facebook.com\/iudproc.oficial\" \/>\n<meta property=\"article:modified_time\" content=\"2025-12-17T20:13:00+00:00\" \/>\n<meta name=\"twitter:card\" content=\"summary_large_image\" \/>\n<meta name=\"twitter:label1\" content=\"Tiempo de lectura\" \/>\n\t<meta name=\"twitter:data1\" content=\"2 minutos\" \/>\n<script type=\"application\/ld+json\" class=\"yoast-schema-graph\">{\"@context\":\"https:\/\/schema.org\",\"@graph\":[{\"@type\":\"WebPage\",\"@id\":\"https:\/\/iudproc.com.mx\/web\/somos-iudproc\/\",\"url\":\"https:\/\/iudproc.com.mx\/web\/somos-iudproc\/\",\"name\":\"Somos IUDPROC - Instituto Universitario de Desarrollo Profesional y Crecimiento\",\"isPartOf\":{\"@id\":\"https:\/\/iudproc.com.mx\/web\/#website\"},\"datePublished\":\"2024-08-25T23:21:50+00:00\",\"dateModified\":\"2025-12-17T20:13:00+00:00\",\"breadcrumb\":{\"@id\":\"https:\/\/iudproc.com.mx\/web\/somos-iudproc\/#breadcrumb\"},\"inLanguage\":\"es\",\"potentialAction\":[{\"@type\":\"ReadAction\",\"target\":[\"https:\/\/iudproc.com.mx\/web\/somos-iudproc\/\"]}]},{\"@type\":\"BreadcrumbList\",\"@id\":\"https:\/\/iudproc.com.mx\/web\/somos-iudproc\/#breadcrumb\",\"itemListElement\":[{\"@type\":\"ListItem\",\"position\":1,\"name\":\"Portada\",\"item\":\"https:\/\/iudproc.com.mx\/web\/\"},{\"@type\":\"ListItem\",\"position\":2,\"name\":\"Somos IUDPROC\"}]},{\"@type\":\"WebSite\",\"@id\":\"https:\/\/iudproc.com.mx\/web\/#website\",\"url\":\"https:\/\/iudproc.com.mx\/web\/\",\"name\":\"Instituto Universitario de Desarrollo Profesional y Crecimiento\",\"description\":\"IUDPROC\",\"publisher\":{\"@id\":\"https:\/\/iudproc.com.mx\/web\/#organization\"},\"potentialAction\":[{\"@type\":\"SearchAction\",\"target\":{\"@type\":\"EntryPoint\",\"urlTemplate\":\"https:\/\/iudproc.com.mx\/web\/?s={search_term_string}\"},\"query-input\":{\"@type\":\"PropertyValueSpecification\",\"valueRequired\":true,\"valueName\":\"search_term_string\"}}],\"inLanguage\":\"es\"},{\"@type\":\"Organization\",\"@id\":\"https:\/\/iudproc.com.mx\/web\/#organization\",\"name\":\"Instituto Universitario de Desarrollo Profesional y Crecimiento\",\"url\":\"https:\/\/iudproc.com.mx\/web\/\",\"logo\":{\"@type\":\"ImageObject\",\"inLanguage\":\"es\",\"@id\":\"https:\/\/iudproc.com.mx\/web\/#\/schema\/logo\/image\/\",\"url\":\"https:\/\/iudproc.com.mx\/web\/wp-content\/uploads\/2025\/05\/logo-url.jpg\",\"contentUrl\":\"https:\/\/iudproc.com.mx\/web\/wp-content\/uploads\/2025\/05\/logo-url.jpg\",\"width\":1600,\"height\":597,\"caption\":\"Instituto Universitario de Desarrollo Profesional y Crecimiento\"},\"image\":{\"@id\":\"https:\/\/iudproc.com.mx\/web\/#\/schema\/logo\/image\/\"},\"sameAs\":[\"https:\/\/www.facebook.com\/iudproc.oficial\"]}]}<\/script>\n<!-- \/ Yoast SEO plugin. -->","yoast_head_json":{"title":"Somos IUDPROC - Instituto Universitario de Desarrollo Profesional y Crecimiento","robots":{"index":"index","follow":"follow","max-snippet":"max-snippet:-1","max-image-preview":"max-image-preview:large","max-video-preview":"max-video-preview:-1"},"canonical":"https:\/\/iudproc.com.mx\/web\/somos-iudproc\/","og_locale":"es_ES","og_type":"article","og_title":"Somos IUDPROC - Instituto Universitario de Desarrollo Profesional y Crecimiento","og_description":"Somos IUDPROCDescubre c\u00f3mo en IUDPROC estamos transformando la educaci\u00f3n con una visi\u00f3n innovadora y un compromiso s\u00f3lido con el desarrollo integral. \u00a1\u00danete a nuestra comunidad y dirige tu camino al \u00e9xito!Explora nuestra historiaSomos IUDPROCDescubre c\u00f3mo en IUDPROC estamos transformando la educaci\u00f3n con una visi\u00f3n innovadora y un compromiso s\u00f3lido con el desarrollo integral. \u00a1\u00danete a nuestra comunidad y dirige tu camino al \u00e9xito!Explora nuestra historia Nuestra historia IUDPROC es una instituci\u00f3n educativa reci\u00e9n lanzada, fundada con la firme convicci\u00f3n de ofrecer una formaci\u00f3n acad\u00e9mica de calidad desde el primer d\u00eda. Aunque somos una universidad joven, nuestra visi\u00f3n es clara: formar profesionales con car\u00e1cter, conciencia y la capacidad de dirigir su propio camino hacia el \u00e9xito. Estamos comprometidos en construir un legado de excelencia desde nuestros inicios. \u00a1Inscr\u00edbete ahora! Nuestra filosof\u00eda En IUDPROC, creemos que la educaci\u00f3n va m\u00e1s all\u00e1 del conocimiento t\u00e9cnico; se trata de formar personas con una visi\u00f3n integral, capaces de impactar positivamente en la sociedad. Nuestra filosof\u00eda se basa en la ense\u00f1anza de valores como la responsabilidad, la \u00e9tica y el compromiso, que junto con un enfoque acad\u00e9mico riguroso, preparan a nuestros estudiantes para ser agentes de cambio en su comunidad y en el mundo. \u00a1Inscr\u00edbete ahora! M\u00e1s Informaci\u00f3n","og_url":"https:\/\/iudproc.com.mx\/web\/somos-iudproc\/","og_site_name":"Instituto Universitario de Desarrollo Profesional y Crecimiento","article_publisher":"https:\/\/www.facebook.com\/iudproc.oficial","article_modified_time":"2025-12-17T20:13:00+00:00","twitter_card":"summary_large_image","twitter_misc":{"Tiempo de lectura":"2 minutos"},"schema":{"@context":"https:\/\/schema.org","@graph":[{"@type":"WebPage","@id":"https:\/\/iudproc.com.mx\/web\/somos-iudproc\/","url":"https:\/\/iudproc.com.mx\/web\/somos-iudproc\/","name":"Somos IUDPROC - Instituto Universitario de Desarrollo Profesional y Crecimiento","isPartOf":{"@id":"https:\/\/iudproc.com.mx\/web\/#website"},"datePublished":"2024-08-25T23:21:50+00:00","dateModified":"2025-12-17T20:13:00+00:00","breadcrumb":{"@id":"https:\/\/iudproc.com.mx\/web\/somos-iudproc\/#breadcrumb"},"inLanguage":"es","potentialAction":[{"@type":"ReadAction","target":["https:\/\/iudproc.com.mx\/web\/somos-iudproc\/"]}]},{"@type":"BreadcrumbList","@id":"https:\/\/iudproc.com.mx\/web\/somos-iudproc\/#breadcrumb","itemListElement":[{"@type":"ListItem","position":1,"name":"Portada","item":"https:\/\/iudproc.com.mx\/web\/"},{"@type":"ListItem","position":2,"name":"Somos IUDPROC"}]},{"@type":"WebSite","@id":"https:\/\/iudproc.com.mx\/web\/#website","url":"https:\/\/iudproc.com.mx\/web\/","name":"Instituto Universitario de Desarrollo Profesional y Crecimiento","description":"IUDPROC","publisher":{"@id":"https:\/\/iudproc.com.mx\/web\/#organization"},"potentialAction":[{"@type":"SearchAction","target":{"@type":"EntryPoint","urlTemplate":"https:\/\/iudproc.com.mx\/web\/?s={search_term_string}"},"query-input":{"@type":"PropertyValueSpecification","valueRequired":true,"valueName":"search_term_string"}}],"inLanguage":"es"},{"@type":"Organization","@id":"https:\/\/iudproc.com.mx\/web\/#organization","name":"Instituto Universitario de Desarrollo Profesional y Crecimiento","url":"https:\/\/iudproc.com.mx\/web\/","logo":{"@type":"ImageObject","inLanguage":"es","@id":"https:\/\/iudproc.com.mx\/web\/#\/schema\/logo\/image\/","url":"https:\/\/iudproc.com.mx\/web\/wp-content\/uploads\/2025\/05\/logo-url.jpg","contentUrl":"https:\/\/iudproc.com.mx\/web\/wp-content\/uploads\/2025\/05\/logo-url.jpg","width":1600,"height":597,"caption":"Instituto Universitario de Desarrollo Profesional y Crecimiento"},"image":{"@id":"https:\/\/iudproc.com.mx\/web\/#\/schema\/logo\/image\/"},"sameAs":["https:\/\/www.facebook.com\/iudproc.oficial"]}]}},"_links":{"self":[{"href":"https:\/\/iudproc.com.mx\/web\/wp-json\/wp\/v2\/pages\/2590","targetHints":{"allow":["GET"]}}],"collection":[{"href":"https:\/\/iudproc.com.mx\/web\/wp-json\/wp\/v2\/pages"}],"about":[{"href":"https:\/\/iudproc.com.mx\/web\/wp-json\/wp\/v2\/types\/page"}],"author":[{"embeddable":true,"href":"https:\/\/iudproc.com.mx\/web\/wp-json\/wp\/v2\/users\/5"}],"replies":[{"embeddable":true,"href":"https:\/\/iudproc.com.mx\/web\/wp-json\/wp\/v2\/comments?post=2590"}],"version-history":[{"count":40,"href":"https:\/\/iudproc.com.mx\/web\/wp-json\/wp\/v2\/pages\/2590\/revisions"}],"predecessor-version":[{"id":3432,"href":"https:\/\/iudproc.com.mx\/web\/wp-json\/wp\/v2\/pages\/2590\/revisions\/3432"}],"wp:attachment":[{"href":"https:\/\/iudproc.com.mx\/web\/wp-json\/wp\/v2\/media?parent=2590"}],"curies":[{"name":"wp","href":"https:\/\/api.w.org\/{rel}","templated":true}]}}